{"id":2503,"date":"2025-03-11T17:38:24","date_gmt":"2025-03-11T16:38:24","guid":{"rendered":"https:\/\/www.clinicadentalgrossdentistas.com\/responsabilidad-social-corporativa\/"},"modified":"2025-06-12T10:06:02","modified_gmt":"2025-06-12T08:06:02","slug":"corporate-social-responsibility","status":"publish","type":"page","link":"https:\/\/www.clinicadentalgrossdentistas.com\/en\/corporate-social-responsibility\/","title":{"rendered":"Corporate Social Responsibility"},"content":{"rendered":"\t\t<div data-elementor-type=\"wp-page\" data-elementor-id=\"2503\" class=\"elementor elementor-2503 elementor-47\">\n\t\t\t\t\t\t<section class=\"elementor-section elementor-top-section elementor-element elementor-element-2930d76 elementor-section-height-min-height elementor-section-items-bottom elementor-section-boxed elementor-section-height-default\" data-id=\"2930d76\" data-element_type=\"section\" data-settings=\"{&quot;background_background&quot;:&quot;classic&quot;,&quot;shape_divider_bottom&quot;:&quot;opacity-tilt&quot;}\">\n\t\t\t\t\t\t\t<div class=\"elementor-background-overlay\"><\/div>\n\t\t\t\t\t\t<div class=\"elementor-shape elementor-shape-bottom\" data-negative=\"false\">\n\t\t\t<svg xmlns=\"http:\/\/www.w3.org\/2000\/svg\" viewBox=\"0 0 2600 131.1\" preserveAspectRatio=\"none\">\n\t<path class=\"elementor-shape-fill\" d=\"M0 0L2600 0 2600 69.1 0 0z\"\/>\n\t<path class=\"elementor-shape-fill\" style=\"opacity:0.5\" d=\"M0 0L2600 0 2600 69.1 0 69.1z\"\/>\n\t<path class=\"elementor-shape-fill\" style=\"opacity:0.25\" d=\"M2600 0L0 0 0 130.1 2600 69.1z\"\/>\n<\/svg>\t\t<\/div>\n\t\t\t\t\t<div class=\"elementor-container elementor-column-gap-default\">\n\t\t\t\t\t<div class=\"elementor-column elementor-col-50 elementor-top-column elementor-element elementor-element-4ca06f8\" data-id=\"4ca06f8\" data-element_type=\"column\">\n\t\t\t<div class=\"elementor-widget-wrap elementor-element-populated\">\n\t\t\t\t\t\t<div class=\"elementor-element elementor-element-c7ed374 elementor-widget elementor-widget-spacer\" data-id=\"c7ed374\" data-element_type=\"widget\" data-widget_type=\"spacer.default\">\n\t\t\t\t<div class=\"elementor-widget-container\">\n\t\t\t\t\t\t\t<div class=\"elementor-spacer\">\n\t\t\t<div class=\"elementor-spacer-inner\"><\/div>\n\t\t<\/div>\n\t\t\t\t\t\t<\/div>\n\t\t\t\t<\/div>\n\t\t\t\t\t<\/div>\n\t\t<\/div>\n\t\t\t\t<div class=\"elementor-column elementor-col-50 elementor-top-column elementor-element elementor-element-bdb8cc6\" data-id=\"bdb8cc6\" data-element_type=\"column\">\n\t\t\t<div class=\"elementor-widget-wrap elementor-element-populated\">\n\t\t\t\t\t\t<div class=\"elementor-element elementor-element-184c38c elementor-widget elementor-widget-heading\" data-id=\"184c38c\" data-element_type=\"widget\" data-widget_type=\"heading.default\">\n\t\t\t\t<div class=\"elementor-widget-container\">\n\t\t\t\t\t<h1 class=\"elementor-heading-title elementor-size-default\">Corporate Social Responsibility<\/h1>\t\t\t\t<\/div>\n\t\t\t\t<\/div>\n\t\t\t\t<div class=\"elementor-element elementor-element-5c8edbf elementor-widget elementor-widget-heading\" data-id=\"5c8edbf\" data-element_type=\"widget\" data-widget_type=\"heading.default\">\n\t\t\t\t<div class=\"elementor-widget-container\">\n\t\t\t\t\t<h2 class=\"elementor-heading-title elementor-size-default\">Gross Dentistas with Malaga and Torremolinos<\/h2>\t\t\t\t<\/div>\n\t\t\t\t<\/div>\n\t\t\t\t<section class=\"elementor-section elementor-inner-section elementor-element elementor-element-cc237aa elementor-section-boxed elementor-section-height-default elementor-section-height-default\" data-id=\"cc237aa\" data-element_type=\"section\">\n\t\t\t\t\t\t<div class=\"elementor-container elementor-column-gap-default\">\n\t\t\t\t\t<div class=\"elementor-column elementor-col-33 elementor-inner-column elementor-element elementor-element-7344db7\" data-id=\"7344db7\" data-element_type=\"column\">\n\t\t\t<div class=\"elementor-widget-wrap elementor-element-populated\">\n\t\t\t\t\t\t<div class=\"elementor-element elementor-element-8e693e6 elementor-view-default elementor-widget elementor-widget-icon\" data-id=\"8e693e6\" data-element_type=\"widget\" data-settings=\"{&quot;_animation&quot;:&quot;none&quot;}\" data-widget_type=\"icon.default\">\n\t\t\t\t<div class=\"elementor-widget-container\">\n\t\t\t\t\t\t\t<div class=\"elementor-icon-wrapper\">\n\t\t\t<a class=\"elementor-icon elementor-animation-shrink\" href=\"https:\/\/wa.me\/34649965932\" target=\"_blank\">\n\t\t\t<i aria-hidden=\"true\" class=\"fab fa-whatsapp\"><\/i>\t\t\t<\/a>\n\t\t<\/div>\n\t\t\t\t\t\t<\/div>\n\t\t\t\t<\/div>\n\t\t\t\t\t<\/div>\n\t\t<\/div>\n\t\t\t\t<div class=\"elementor-column elementor-col-33 elementor-inner-column elementor-element elementor-element-d6eea65\" data-id=\"d6eea65\" data-element_type=\"column\">\n\t\t\t<div class=\"elementor-widget-wrap elementor-element-populated\">\n\t\t\t\t\t\t<div class=\"elementor-element elementor-element-968ecd9 elementor-view-default elementor-widget elementor-widget-icon\" data-id=\"968ecd9\" data-element_type=\"widget\" data-settings=\"{&quot;_animation&quot;:&quot;none&quot;}\" data-widget_type=\"icon.default\">\n\t\t\t\t<div class=\"elementor-widget-container\">\n\t\t\t\t\t\t\t<div class=\"elementor-icon-wrapper\">\n\t\t\t<a class=\"elementor-icon elementor-animation-shrink\" href=\"tel:+34952220775\">\n\t\t\t<i aria-hidden=\"true\" class=\"fas fa-phone-volume\"><\/i>\t\t\t<\/a>\n\t\t<\/div>\n\t\t\t\t\t\t<\/div>\n\t\t\t\t<\/div>\n\t\t\t\t\t<\/div>\n\t\t<\/div>\n\t\t\t\t<div class=\"elementor-column elementor-col-33 elementor-inner-column elementor-element elementor-element-a1bf61c\" data-id=\"a1bf61c\" data-element_type=\"column\">\n\t\t\t<div class=\"elementor-widget-wrap elementor-element-populated\">\n\t\t\t\t\t\t<div class=\"elementor-element elementor-element-deb533d elementor-view-default elementor-widget elementor-widget-icon\" data-id=\"deb533d\" data-element_type=\"widget\" data-settings=\"{&quot;_animation&quot;:&quot;none&quot;,&quot;_animation_tablet&quot;:&quot;none&quot;}\" data-widget_type=\"icon.default\">\n\t\t\t\t<div class=\"elementor-widget-container\">\n\t\t\t\t\t\t\t<div class=\"elementor-icon-wrapper\">\n\t\t\t<a class=\"elementor-icon elementor-animation-shrink\" href=\"https:\/\/www.clinicadentalgrossdentistas.com\/en\/appointment\/\">\n\t\t\t<i aria-hidden=\"true\" class=\"far fa-envelope\"><\/i>\t\t\t<\/a>\n\t\t<\/div>\n\t\t\t\t\t\t<\/div>\n\t\t\t\t<\/div>\n\t\t\t\t\t<\/div>\n\t\t<\/div>\n\t\t\t\t\t<\/div>\n\t\t<\/section>\n\t\t\t\t<div class=\"elementor-element elementor-element-dcc45ad elementor-widget elementor-widget-spacer\" data-id=\"dcc45ad\" data-element_type=\"widget\" data-widget_type=\"spacer.default\">\n\t\t\t\t<div class=\"elementor-widget-container\">\n\t\t\t\t\t\t\t<div class=\"elementor-spacer\">\n\t\t\t<div class=\"elementor-spacer-inner\"><\/div>\n\t\t<\/div>\n\t\t\t\t\t\t<\/div>\n\t\t\t\t<\/div>\n\t\t\t\t\t<\/div>\n\t\t<\/div>\n\t\t\t\t\t<\/div>\n\t\t<\/section>\n\t\t\t\t<section class=\"elementor-section elementor-top-section elementor-element elementor-element-fce2243 elementor-section-full_width elementor-section-height-default elementor-section-height-default\" data-id=\"fce2243\" data-element_type=\"section\">\n\t\t\t\t\t\t<div class=\"elementor-container elementor-column-gap-default\">\n\t\t\t\t\t<div class=\"elementor-column elementor-col-100 elementor-top-column elementor-element elementor-element-18a9f86\" data-id=\"18a9f86\" data-element_type=\"column\">\n\t\t\t<div class=\"elementor-widget-wrap elementor-element-populated\">\n\t\t\t\t\t\t<div class=\"elementor-element elementor-element-b35af73 elementor-widget elementor-widget-heading\" data-id=\"b35af73\" data-element_type=\"widget\" data-widget_type=\"heading.default\">\n\t\t\t\t<div class=\"elementor-widget-container\">\n\t\t\t\t\t<h2 class=\"elementor-heading-title elementor-size-default\">Beyond your trusted dentist<\/h2>\t\t\t\t<\/div>\n\t\t\t\t<\/div>\n\t\t\t\t<div class=\"elementor-element elementor-element-872ff45 elementor-widget elementor-widget-text-editor\" data-id=\"872ff45\" data-element_type=\"widget\" data-widget_type=\"text-editor.default\">\n\t\t\t\t<div class=\"elementor-widget-container\">\n\t\t\t\t\t\t\t\t\t<p>Gross Dentistas is, above all, a family clinic. We work as a family and we want to make you feel part of it. Beyond our concern for your dental health, we want the most disadvantaged to have access to it and we treat them disinterestedly collaborating with various NGOs. Some examples are Los \u00c1ngeles Malague\u00f1os de la Noche. Every week we receive a person without resources to treat them. Also La Sonrisa de un Ni\u00f1o, who help 20 families to arrive in M\u00e1laga every summer and whom we treat at no cost\u2026<\/p><p>We also like to participate, whenever we have the opportunity, in numerous charitable causes, because it is another way of making smile those who need it most: we have contributed in the form of an economic donation to the Ronald McDonald House in M\u00e1laga, Verberrett, the James Milner Foundation, Justalegria\u2026<\/p><p>On the other hand, at Gross Dentistas we love sports and the spirit of improvement. This is the reason why we support different disciplines: football, paddle, golf\u2026 We provide sports equipment, sponsor various activities and give away tickets for each game of Unicaja Basketball Club.<\/p>\t\t\t\t\t\t\t\t<\/div>\n\t\t\t\t<\/div>\n\t\t\t\t\t<\/div>\n\t\t<\/div>\n\t\t\t\t\t<\/div>\n\t\t<\/section>\n\t\t\t\t<section class=\"elementor-section elementor-top-section elementor-element elementor-element-f644b17 elementor-section-full_width elementor-section-height-default elementor-section-height-default\" data-id=\"f644b17\" data-element_type=\"section\">\n\t\t\t\t\t\t<div class=\"elementor-container elementor-column-gap-default\">\n\t\t\t\t\t<div class=\"elementor-column elementor-col-50 elementor-top-column elementor-element elementor-element-bf44c40\" data-id=\"bf44c40\" data-element_type=\"column\">\n\t\t\t<div class=\"elementor-widget-wrap elementor-element-populated\">\n\t\t\t\t\t\t<div class=\"elementor-element elementor-element-dd733cf elementor-widget elementor-widget-video\" data-id=\"dd733cf\" data-element_type=\"widget\" data-settings=\"{&quot;youtube_url&quot;:&quot;https:\\\/\\\/www.youtube.com\\\/watch?v=YSjgMfvGQXA&quot;,&quot;yt_privacy&quot;:&quot;yes&quot;,&quot;video_type&quot;:&quot;youtube&quot;}\" data-widget_type=\"video.default\">\n\t\t\t\t<div class=\"elementor-widget-container\">\n\t\t\t\t\t\t\t<div class=\"elementor-wrapper elementor-open-inline\">\n\t\t\t<div class=\"elementor-video\"><\/div>\t\t<\/div>\n\t\t\t\t\t\t<\/div>\n\t\t\t\t<\/div>\n\t\t\t\t\t<\/div>\n\t\t<\/div>\n\t\t\t\t<div class=\"elementor-column elementor-col-50 elementor-top-column elementor-element elementor-element-2f617be\" data-id=\"2f617be\" data-element_type=\"column\">\n\t\t\t<div class=\"elementor-widget-wrap elementor-element-populated\">\n\t\t\t\t\t\t<div class=\"elementor-element elementor-element-92ab657 elementor-widget elementor-widget-video\" data-id=\"92ab657\" data-element_type=\"widget\" data-settings=\"{&quot;youtube_url&quot;:&quot;https:\\\/\\\/www.youtube.com\\\/watch?v=vLVw7lE9gy0&quot;,&quot;yt_privacy&quot;:&quot;yes&quot;,&quot;video_type&quot;:&quot;youtube&quot;}\" data-widget_type=\"video.default\">\n\t\t\t\t<div class=\"elementor-widget-container\">\n\t\t\t\t\t\t\t<div class=\"elementor-wrapper elementor-open-inline\">\n\t\t\t<div class=\"elementor-video\"><\/div>\t\t<\/div>\n\t\t\t\t\t\t<\/div>\n\t\t\t\t<\/div>\n\t\t\t\t\t<\/div>\n\t\t<\/div>\n\t\t\t\t\t<\/div>\n\t\t<\/section>\n\t\t\t\t<section class=\"elementor-section elementor-top-section elementor-element elementor-element-2bb986a elementor-section-full_width elementor-section-height-default elementor-section-height-default\" data-id=\"2bb986a\" data-element_type=\"section\">\n\t\t\t\t\t\t<div class=\"elementor-container elementor-column-gap-default\">\n\t\t\t\t\t<div class=\"elementor-column elementor-col-100 elementor-top-column elementor-element elementor-element-1c64593\" data-id=\"1c64593\" data-element_type=\"column\">\n\t\t\t<div class=\"elementor-widget-wrap elementor-element-populated\">\n\t\t\t\t\t\t<div class=\"elementor-element elementor-element-51fae9a elementor-widget elementor-widget-heading\" data-id=\"51fae9a\" data-element_type=\"widget\" data-widget_type=\"heading.default\">\n\t\t\t\t<div class=\"elementor-widget-container\">\n\t\t\t\t\t<h3 class=\"elementor-heading-title elementor-size-default\">Gross Dentistas <b>and sport<\/b><\/h3>\t\t\t\t<\/div>\n\t\t\t\t<\/div>\n\t\t\t\t<div class=\"elementor-element elementor-element-c01348f elementor-widget elementor-widget-text-editor\" data-id=\"c01348f\" data-element_type=\"widget\" data-widget_type=\"text-editor.default\">\n\t\t\t\t<div class=\"elementor-widget-container\">\n\t\t\t\t\t\t\t\t\t<p>From now on, we are official sponsors of the M\u00e1laga youth and juvenile selections, as well as the Juvenile Provincial League. The lower categories are the future of sport, and in today\u2019s society it is very important to encourage children and teenagers to practice and love sports and to learn the values of teamwork and healthy competition.<\/p>\t\t\t\t\t\t\t\t<\/div>\n\t\t\t\t<\/div>\n\t\t\t\t<div class=\"elementor-element elementor-element-481366c elementor-pagination-position-outside elementor-widget elementor-widget-image-carousel\" data-id=\"481366c\" data-element_type=\"widget\" data-settings=\"{&quot;slides_to_show&quot;:&quot;4&quot;,&quot;navigation&quot;:&quot;dots&quot;,&quot;image_spacing_custom&quot;:{&quot;unit&quot;:&quot;px&quot;,&quot;size&quot;:10,&quot;sizes&quot;:[]},&quot;autoplay&quot;:&quot;yes&quot;,&quot;pause_on_hover&quot;:&quot;yes&quot;,&quot;pause_on_interaction&quot;:&quot;yes&quot;,&quot;autoplay_speed&quot;:5000,&quot;infinite&quot;:&quot;yes&quot;,&quot;speed&quot;:500,&quot;image_spacing_custom_tablet&quot;:{&quot;unit&quot;:&quot;px&quot;,&quot;size&quot;:&quot;&quot;,&quot;sizes&quot;:[]},&quot;image_spacing_custom_mobile&quot;:{&quot;unit&quot;:&quot;px&quot;,&quot;size&quot;:&quot;&quot;,&quot;sizes&quot;:[]}}\" data-widget_type=\"image-carousel.default\">\n\t\t\t\t<div class=\"elementor-widget-container\">\n\t\t\t\t\t\t\t<div class=\"elementor-image-carousel-wrapper swiper\" role=\"region\" aria-roledescription=\"carousel\" aria-label=\"Carrusel de im\u00e1genes\" dir=\"ltr\">\n\t\t\t<div class=\"elementor-image-carousel swiper-wrapper\" aria-live=\"off\">\n\t\t\t\t\t\t\t\t<div class=\"swiper-slide\" role=\"group\" aria-roledescription=\"slide\" aria-label=\"1 of 6\"><figure class=\"swiper-slide-inner\"><img decoding=\"async\" class=\"swiper-slide-image\" src=\"https:\/\/www.clinicadentalgrossdentistas.com\/wp-content\/uploads\/2025\/03\/deporte-2.jpg\" alt=\"deporte-2\" \/><\/figure><\/div><div class=\"swiper-slide\" role=\"group\" aria-roledescription=\"slide\" aria-label=\"2 of 6\"><figure class=\"swiper-slide-inner\"><img decoding=\"async\" class=\"swiper-slide-image\" src=\"https:\/\/www.clinicadentalgrossdentistas.com\/wp-content\/uploads\/2025\/03\/deporte-3.jpg\" alt=\"deporte-3\" \/><\/figure><\/div><div class=\"swiper-slide\" role=\"group\" aria-roledescription=\"slide\" aria-label=\"3 of 6\"><figure class=\"swiper-slide-inner\"><img decoding=\"async\" class=\"swiper-slide-image\" src=\"https:\/\/www.clinicadentalgrossdentistas.com\/wp-content\/uploads\/2025\/03\/deporte-4.jpg\" alt=\"deporte-4\" \/><\/figure><\/div><div class=\"swiper-slide\" role=\"group\" aria-roledescription=\"slide\" aria-label=\"4 of 6\"><figure class=\"swiper-slide-inner\"><img decoding=\"async\" class=\"swiper-slide-image\" src=\"https:\/\/www.clinicadentalgrossdentistas.com\/wp-content\/uploads\/2025\/03\/deporte-5.jpg\" alt=\"deporte-5\" \/><\/figure><\/div><div class=\"swiper-slide\" role=\"group\" aria-roledescription=\"slide\" aria-label=\"5 of 6\"><figure class=\"swiper-slide-inner\"><img decoding=\"async\" class=\"swiper-slide-image\" src=\"https:\/\/www.clinicadentalgrossdentistas.com\/wp-content\/uploads\/2025\/03\/deporte-6.jpg\" alt=\"deporte-6\" \/><\/figure><\/div><div class=\"swiper-slide\" role=\"group\" aria-roledescription=\"slide\" aria-label=\"6 of 6\"><figure class=\"swiper-slide-inner\"><img decoding=\"async\" class=\"swiper-slide-image\" src=\"https:\/\/www.clinicadentalgrossdentistas.com\/wp-content\/uploads\/2025\/03\/deporte-1.jpg\" alt=\"deporte-1\" \/><\/figure><\/div>\t\t\t<\/div>\n\t\t\t\t\t\t\t\n\t\t\t\t\t\t\t\t\t<div class=\"swiper-pagination\"><\/div>\n\t\t\t\t\t\t\t\t\t<\/div>\n\t\t\t\t\t\t<\/div>\n\t\t\t\t<\/div>\n\t\t\t\t\t<\/div>\n\t\t<\/div>\n\t\t\t\t\t<\/div>\n\t\t<\/section>\n\t\t\t\t<\/div>\n\t\t","protected":false},"excerpt":{"rendered":"<p>Corporate Social Responsibility Gross Dentistas with Malaga and Torremolinos Beyond your trusted dentist Gross Dentistas is, above all, a family clinic. We work as a family and we want to make you feel part of it. Beyond our concern for your dental health, we want the most disadvantaged to have access to it and we [&hellip;]<\/p>\n","protected":false},"author":1,"featured_media":0,"parent":0,"menu_order":0,"comment_status":"closed","ping_status":"closed","template":"elementor_header_footer","meta":{"_joinchat":[],"footnotes":""},"class_list":["post-2503","page","type-page","status-publish","hentry"],"yoast_head":"<!-- This site is optimized with the Yoast SEO plugin v24.6 - https:\/\/yoast.com\/wordpress\/plugins\/seo\/ -->\n<title>Corporate Social Responsibility. Beyond your trusted dentist<\/title>\n<meta name=\"description\" content=\"Gross Dentistas is, above all, a family clinic. We work as a family and we want to make you feel part of it.\" \/>\n<meta name=\"robots\" content=\"index, follow, max-snippet:-1, max-image-preview:large, max-video-preview:-1\" \/>\n<link rel=\"canonical\" href=\"https:\/\/www.clinicadentalgrossdentistas.com\/en\/corporate-social-responsibility\/\" \/>\n<meta property=\"og:locale\" content=\"en_US\" \/>\n<meta property=\"og:type\" content=\"article\" \/>\n<meta property=\"og:title\" content=\"Corporate Social Responsibility. Beyond your trusted dentist\" \/>\n<meta property=\"og:description\" content=\"Gross Dentistas is, above all, a family clinic. We work as a family and we want to make you feel part of it.\" \/>\n<meta property=\"og:url\" content=\"https:\/\/www.clinicadentalgrossdentistas.com\/en\/corporate-social-responsibility\/\" \/>\n<meta property=\"og:site_name\" content=\"Gross Dentistas\" \/>\n<meta property=\"article:modified_time\" content=\"2025-06-12T08:06:02+00:00\" \/>\n<meta property=\"og:image\" content=\"https:\/\/www.clinicadentalgrossdentistas.com\/wp-content\/uploads\/2025\/03\/deporte-2.jpg\" \/>\n<meta name=\"twitter:card\" content=\"summary_large_image\" \/>\n<meta name=\"twitter:label1\" content=\"Est. reading time\" \/>\n\t<meta name=\"twitter:data1\" content=\"4 minutes\" \/>\n<!-- \/ Yoast SEO plugin. -->","yoast_head_json":{"title":"Corporate Social Responsibility. Beyond your trusted dentist","description":"Gross Dentistas is, above all, a family clinic. We work as a family and we want to make you feel part of it.","robots":{"index":"index","follow":"follow","max-snippet":"max-snippet:-1","max-image-preview":"max-image-preview:large","max-video-preview":"max-video-preview:-1"},"canonical":"https:\/\/www.clinicadentalgrossdentistas.com\/en\/corporate-social-responsibility\/","og_locale":"en_US","og_type":"article","og_title":"Corporate Social Responsibility. Beyond your trusted dentist","og_description":"Gross Dentistas is, above all, a family clinic. We work as a family and we want to make you feel part of it.","og_url":"https:\/\/www.clinicadentalgrossdentistas.com\/en\/corporate-social-responsibility\/","og_site_name":"Gross Dentistas","article_modified_time":"2025-06-12T08:06:02+00:00","og_image":[{"url":"https:\/\/www.clinicadentalgrossdentistas.com\/wp-content\/uploads\/2025\/03\/deporte-2.jpg","type":"","width":"","height":""}],"twitter_card":"summary_large_image","twitter_misc":{"Est. reading time":"4 minutes"},"schema":{"@context":"https:\/\/schema.org","@graph":[{"@type":"WebPage","@id":"https:\/\/www.clinicadentalgrossdentistas.com\/en\/corporate-social-responsibility\/","url":"https:\/\/www.clinicadentalgrossdentistas.com\/en\/corporate-social-responsibility\/","name":"Corporate Social Responsibility. Beyond your trusted dentist","isPartOf":{"@id":"https:\/\/www.clinicadentalgrossdentistas.com\/en\/#website"},"primaryImageOfPage":{"@id":"https:\/\/www.clinicadentalgrossdentistas.com\/en\/corporate-social-responsibility\/#primaryimage"},"image":{"@id":"https:\/\/www.clinicadentalgrossdentistas.com\/en\/corporate-social-responsibility\/#primaryimage"},"thumbnailUrl":"https:\/\/www.clinicadentalgrossdentistas.com\/wp-content\/uploads\/2025\/03\/deporte-2.jpg","datePublished":"2025-03-11T16:38:24+00:00","dateModified":"2025-06-12T08:06:02+00:00","description":"Gross Dentistas is, above all, a family clinic. We work as a family and we want to make you feel part of it.","breadcrumb":{"@id":"https:\/\/www.clinicadentalgrossdentistas.com\/en\/corporate-social-responsibility\/#breadcrumb"},"inLanguage":"en-US","potentialAction":[{"@type":"ReadAction","target":["https:\/\/www.clinicadentalgrossdentistas.com\/en\/corporate-social-responsibility\/"]}]},{"@type":"ImageObject","inLanguage":"en-US","@id":"https:\/\/www.clinicadentalgrossdentistas.com\/en\/corporate-social-responsibility\/#primaryimage","url":"https:\/\/www.clinicadentalgrossdentistas.com\/wp-content\/uploads\/2025\/03\/deporte-2.jpg","contentUrl":"https:\/\/www.clinicadentalgrossdentistas.com\/wp-content\/uploads\/2025\/03\/deporte-2.jpg"},{"@type":"BreadcrumbList","@id":"https:\/\/www.clinicadentalgrossdentistas.com\/en\/corporate-social-responsibility\/#breadcrumb","itemListElement":[{"@type":"ListItem","position":1,"name":"Gross Dentistas","item":"https:\/\/www.clinicadentalgrossdentistas.com\/en\/"},{"@type":"ListItem","position":2,"name":"Corporate Social Responsibility"}]},{"@type":"WebSite","@id":"https:\/\/www.clinicadentalgrossdentistas.com\/en\/#website","url":"https:\/\/www.clinicadentalgrossdentistas.com\/en\/","name":"Gross Dentistas","description":"","publisher":{"@id":"https:\/\/www.clinicadentalgrossdentistas.com\/en\/#organization"},"alternateName":"Gross Dentistas","potentialAction":[{"@type":"SearchAction","target":{"@type":"EntryPoint","urlTemplate":"https:\/\/www.clinicadentalgrossdentistas.com\/en\/?s={search_term_string}"},"query-input":{"@type":"PropertyValueSpecification","valueRequired":true,"valueName":"search_term_string"}}],"inLanguage":"en-US"},{"@type":"Organization","@id":"https:\/\/www.clinicadentalgrossdentistas.com\/en\/#organization","name":"Gross Dentistas","url":"https:\/\/www.clinicadentalgrossdentistas.com\/en\/","logo":{"@type":"ImageObject","inLanguage":"en-US","@id":"https:\/\/www.clinicadentalgrossdentistas.com\/en\/#\/schema\/logo\/image\/","url":"https:\/\/www.clinicadentalgrossdentistas.com\/wp-content\/uploads\/2025\/03\/cropped-Logotipo-Gross-Dentistas.png","contentUrl":"https:\/\/www.clinicadentalgrossdentistas.com\/wp-content\/uploads\/2025\/03\/cropped-Logotipo-Gross-Dentistas.png","width":500,"height":195,"caption":"Gross Dentistas"},"image":{"@id":"https:\/\/www.clinicadentalgrossdentistas.com\/en\/#\/schema\/logo\/image\/"}}]}},"_links":{"self":[{"href":"https:\/\/www.clinicadentalgrossdentistas.com\/en\/wp-json\/wp\/v2\/pages\/2503","targetHints":{"allow":["GET"]}}],"collection":[{"href":"https:\/\/www.clinicadentalgrossdentistas.com\/en\/wp-json\/wp\/v2\/pages"}],"about":[{"href":"https:\/\/www.clinicadentalgrossdentistas.com\/en\/wp-json\/wp\/v2\/types\/page"}],"author":[{"embeddable":true,"href":"https:\/\/www.clinicadentalgrossdentistas.com\/en\/wp-json\/wp\/v2\/users\/1"}],"replies":[{"embeddable":true,"href":"https:\/\/www.clinicadentalgrossdentistas.com\/en\/wp-json\/wp\/v2\/comments?post=2503"}],"version-history":[{"count":4,"href":"https:\/\/www.clinicadentalgrossdentistas.com\/en\/wp-json\/wp\/v2\/pages\/2503\/revisions"}],"predecessor-version":[{"id":2508,"href":"https:\/\/www.clinicadentalgrossdentistas.com\/en\/wp-json\/wp\/v2\/pages\/2503\/revisions\/2508"}],"wp:attachment":[{"href":"https:\/\/www.clinicadentalgrossdentistas.com\/en\/wp-json\/wp\/v2\/media?parent=2503"}],"curies":[{"name":"wp","href":"https:\/\/api.w.org\/{rel}","templated":true}]}}